{"id":2743,"date":"2023-03-21T15:53:10","date_gmt":"2023-03-21T15:53:10","guid":{"rendered":"http:\/\/capilart.pt\/corpo-clinico\/"},"modified":"2023-09-27T11:10:04","modified_gmt":"2023-09-27T11:10:04","slug":"corpo-clinico","status":"publish","type":"page","link":"https:\/\/capilart.pt\/fr\/corpo-clinico\/","title":{"rendered":"Personnel clinique"},"content":{"rendered":"\t\t<div data-elementor-type=\"wp-page\" data-elementor-id=\"2743\" class=\"elementor elementor-2743\" data-elementor-post-type=\"page\">\n\t\t\t\t\t\t<section class=\"has_ma_el_bg_slider elementor-section elementor-top-section elementor-element elementor-element-dc3f6df elementor-section-full_width elementor-section-height-min-height elementor-section-height-default elementor-section-items-middle jltma-glass-effect-no\" data-id=\"dc3f6df\" data-element_type=\"section\" data-settings=\"{&quot;background_background&quot;:&quot;classic&quot;}\">\r\n\t\t\t\t\t\t<div class=\"elementor-container elementor-column-gap-no\"><div class=\"elementor-row\">\r\n\t\t\t\t\t<div class=\"has_ma_el_bg_slider elementor-column elementor-col-100 elementor-top-column elementor-element elementor-element-cd9b610 jltma-glass-effect-no\" data-id=\"cd9b610\" data-element_type=\"column\">\n\t\t\t<div class=\"elementor-widget-wrap elementor-element-populated\">\n\t\t\t\t\t\t<div class=\"elementor-element elementor-element-230aea0 flex-horizontal-align-default flex-horizontal-align-tablet-default flex-horizontal-align-mobile-default flex-vertical-align-default flex-vertical-align-tablet-default flex-vertical-align-mobile-default jltma-glass-effect-no elementor-widget elementor-widget-heading\" data-id=\"230aea0\" data-element_type=\"widget\" data-widget_type=\"heading.default\">\n\t\t\t\t<div class=\"elementor-widget-container\">\n\t\t\t\t\t<p class=\"elementor-heading-title elementor-size-default\"><a href=\"#\">\u00c0 propos de Capilart<\/a><\/p>\t\t\t\t<\/div>\n\t\t\t\t<\/div>\n\t\t\t\t<div class=\"elementor-element elementor-element-80a4f16 elementor-widget-divider--view-line flex-horizontal-align-default flex-horizontal-align-tablet-default flex-horizontal-align-mobile-default flex-vertical-align-default flex-vertical-align-tablet-default flex-vertical-align-mobile-default jltma-glass-effect-no elementor-widget elementor-widget-divider\" data-id=\"80a4f16\" data-element_type=\"widget\" data-widget_type=\"divider.default\">\n\t\t\t\t<div class=\"elementor-widget-container\">\n\t\t\t\t\t\t\t<div class=\"elementor-divider\">\n\t\t\t<span class=\"elementor-divider-separator\">\n\t\t\t\t\t\t<\/span>\n\t\t<\/div>\n\t\t\t\t\t\t<\/div>\n\t\t\t\t<\/div>\n\t\t\t\t\t<\/div>\n\t\t<\/div>\n\t\t\t\t\t<\/div><\/div>\r\n\t\t<\/section>\r\n\t\t\t\t<main class=\"has_ma_el_bg_slider elementor-section elementor-top-section elementor-element elementor-element-8b34690 elementor-reverse-tablet elementor-reverse-mobile elementor-section-content-middle elementor-section-boxed elementor-section-height-default elementor-section-height-default jltma-glass-effect-no\" data-id=\"8b34690\" data-element_type=\"section\" data-settings=\"{&quot;background_background&quot;:&quot;classic&quot;}\">\r\n\t\t\t\t\t\t<div class=\"elementor-container elementor-column-gap-thegem\"><div class=\"elementor-row\">\r\n\t\t\t\t\t<div class=\"has_ma_el_bg_slider elementor-column elementor-col-100 elementor-top-column elementor-element elementor-element-70b1e5d jltma-glass-effect-no\" data-id=\"70b1e5d\" data-element_type=\"column\">\n\t\t\t<div class=\"elementor-widget-wrap elementor-element-populated\">\n\t\t\t\t\t\t<div class=\"elementor-element elementor-element-4bddec6 flex-horizontal-align-default flex-horizontal-align-tablet-default flex-horizontal-align-mobile-default flex-vertical-align-default flex-vertical-align-tablet-default flex-vertical-align-mobile-default jltma-glass-effect-no elementor-invisible elementor-widget elementor-widget-text-editor\" data-id=\"4bddec6\" data-element_type=\"widget\" data-settings=\"{&quot;_animation&quot;:&quot;zoomIn&quot;}\" data-widget_type=\"text-editor.default\">\n\t\t\t\t<div class=\"elementor-widget-container\">\n\t\t\t\t\t\t\t\t\t\t\t\t<div class=\"elementor-text-editor elementor-clearfix\">\r\n\t\t\t\t\t\t<p>Chez Capilart, nous avons le privil\u00e8ge d\u2019avoir une \u00e9quipe de professionnels de la sant\u00e9 qualifi\u00e9s, exp\u00e9riment\u00e9s et d\u00e9vou\u00e9s pour fournir le plus haut niveau de traitements capillaires. Nous comprenons que la perte de cheveux peut \u00eatre un probl\u00e8me complexe et profond\u00e9ment personnel et notre objectif est de fournir des solutions personnalis\u00e9es adapt\u00e9es aux besoins de chacun.<\/p><p>Conscients des d\u00e9fis actuels, nous combinons les derni\u00e8res avanc\u00e9es scientifiques et technologiques avec des comp\u00e9tences artistiques et un sens esth\u00e9tique pour cr\u00e9er des r\u00e9sultats agr\u00e9ables, qui sont \u00e9galement cliniquement solides.<\/p><p>Nous utilisons les derni\u00e8res technologies disponibles et des techniques \u00e9prouv\u00e9es pour fournir des r\u00e9sultats d\u2019apparence naturelle et nous nous engageons \u00e0 aider nos patients \u00e0 retrouver leur confiance et leur estime de soi.<\/p><p>Nous avons de l\u2019exp\u00e9rience dans le traitement de tous les types d\u2019alop\u00e9cie, de la calvitie masculine ou f\u00e9minine ou m\u00eame de l\u2019alop\u00e9cie cicatricielle et nous en faisons notre devise de trouver la meilleure solution pour chaque cas.<\/p><p>Chez Capilart, nous savons que la perte de cheveux peut \u00eatre un voyage difficile et nous sommes l\u00e0 pour vous fournir le soutien et les conseils dont vous avez besoin. Nous nous engageons pour vos cheveux!<\/p>\t\t\t\t\t\t\t<\/div>\r\n\t\t\t\t\t\t\t\t\t\t<\/div>\n\t\t\t\t<\/div>\n\t\t\t\t<div class=\"elementor-element elementor-element-05d0a06 flex-horizontal-align-default flex-horizontal-align-tablet-default flex-horizontal-align-mobile-default flex-vertical-align-default flex-vertical-align-tablet-default flex-vertical-align-mobile-default jltma-glass-effect-no elementor-widget elementor-widget-image\" data-id=\"05d0a06\" data-element_type=\"widget\" data-widget_type=\"image.default\">\n\t\t\t\t<div class=\"elementor-widget-container\">\n\t\t\t\t\t\t\t\t\t\t\t\t\t\t\t<img width=\"1024\" height=\"413\" src=\"https:\/\/capilart.pt\/wp-content\/uploads\/2023\/03\/equipa-1024x413.jpg\" class=\"attachment-large size-large wp-image-1529\" alt=\"\" srcset=\"https:\/\/capilart.pt\/wp-content\/uploads\/2023\/03\/equipa-1024x413.jpg 1024w, https:\/\/capilart.pt\/wp-content\/uploads\/2023\/03\/equipa-300x121.jpg 300w, https:\/\/capilart.pt\/wp-content\/uploads\/2023\/03\/equipa-768x310.jpg 768w, https:\/\/capilart.pt\/wp-content\/uploads\/2023\/03\/equipa-1536x620.jpg 1536w, https:\/\/capilart.pt\/wp-content\/uploads\/2023\/03\/equipa.jpg 1920w\" sizes=\"(max-width: 1024px) 100vw, 1024px\" \/>\t\t\t\t\t\t\t\t\t\t\t\t\t\t\t<\/div>\n\t\t\t\t<\/div>\n\t\t\t\t\t<\/div>\n\t\t<\/div>\n\t\t\t\t\t<\/div><\/div>\r\n\t\t<\/main>\r\n\t\t\t\t<section class=\"has_ma_el_bg_slider elementor-section elementor-top-section elementor-element elementor-element-c65580b elementor-hidden-desktop elementor-hidden-tablet elementor-hidden-mobile elementor-section-boxed elementor-section-height-default elementor-section-height-default jltma-glass-effect-no\" data-id=\"c65580b\" data-element_type=\"section\" data-settings=\"{&quot;background_background&quot;:&quot;classic&quot;}\">\r\n\t\t\t\t\t\t<div class=\"elementor-container elementor-column-gap-thegem\"><div class=\"elementor-row\">\r\n\t\t\t\t\t<div class=\"has_ma_el_bg_slider elementor-column elementor-col-100 elementor-top-column elementor-element elementor-element-b8000f2 jltma-glass-effect-no\" data-id=\"b8000f2\" data-element_type=\"column\">\n\t\t\t<div class=\"elementor-widget-wrap elementor-element-populated\">\n\t\t\t\t\t\t<div class=\"elementor-element elementor-element-f204c97 flex-horizontal-align-default flex-horizontal-align-tablet-default flex-horizontal-align-mobile-default flex-vertical-align-default flex-vertical-align-tablet-default flex-vertical-align-mobile-default jltma-glass-effect-no elementor-invisible elementor-widget elementor-widget-text-editor\" data-id=\"f204c97\" data-element_type=\"widget\" data-settings=\"{&quot;_animation&quot;:&quot;zoomIn&quot;}\" data-widget_type=\"text-editor.default\">\n\t\t\t\t<div class=\"elementor-widget-container\">\n\t\t\t\t\t\t\t\t\t\t\t\t<div class=\"elementor-text-editor elementor-clearfix\">\r\n\t\t\t\t\t\t<p>\u00c9quipement<\/p>\t\t\t\t\t\t\t<\/div>\r\n\t\t\t\t\t\t\t\t\t\t<\/div>\n\t\t\t\t<\/div>\n\t\t\t\t<div class=\"elementor-element elementor-element-2320c1e elementor-widget__width-initial flex-horizontal-align-default flex-horizontal-align-tablet-default flex-horizontal-align-mobile-default flex-vertical-align-default flex-vertical-align-tablet-default flex-vertical-align-mobile-default jltma-glass-effect-no elementor-invisible elementor-widget elementor-widget-text-editor\" data-id=\"2320c1e\" data-element_type=\"widget\" data-settings=\"{&quot;_animation&quot;:&quot;zoomIn&quot;}\" data-widget_type=\"text-editor.default\">\n\t\t\t\t<div class=\"elementor-widget-container\">\n\t\t\t\t\t\t\t\t\t\t\t\t<div class=\"elementor-text-editor elementor-clearfix\">\r\n\t\t\t\t\t\t<p>Venez nous rendre visite et d\u00e9couvrez un environnement chaleureux et professionnel, o\u00f9 vous pourrez profiter de nos excellents services cliniques et de nos soins sp\u00e9cialis\u00e9s pour la sant\u00e9 de vos cheveux<\/p>\t\t\t\t\t\t\t<\/div>\r\n\t\t\t\t\t\t\t\t\t\t<\/div>\n\t\t\t\t<\/div>\n\t\t\t\t<div class=\"elementor-element elementor-element-0331f4a flex-horizontal-align-default flex-horizontal-align-tablet-default flex-horizontal-align-mobile-default flex-vertical-align-default flex-vertical-align-tablet-default flex-vertical-align-mobile-default jltma-glass-effect-no elementor-widget elementor-widget-gallery\" data-id=\"0331f4a\" data-element_type=\"widget\" data-settings=\"{&quot;columns&quot;:3,&quot;lazyload&quot;:&quot;yes&quot;,&quot;gallery_layout&quot;:&quot;grid&quot;,&quot;columns_tablet&quot;:2,&quot;columns_mobile&quot;:1,&quot;gap&quot;:{&quot;unit&quot;:&quot;px&quot;,&quot;size&quot;:10,&quot;sizes&quot;:[]},&quot;gap_tablet&quot;:{&quot;unit&quot;:&quot;px&quot;,&quot;size&quot;:10,&quot;sizes&quot;:[]},&quot;gap_mobile&quot;:{&quot;unit&quot;:&quot;px&quot;,&quot;size&quot;:10,&quot;sizes&quot;:[]},&quot;link_to&quot;:&quot;file&quot;,&quot;aspect_ratio&quot;:&quot;3:2&quot;,&quot;overlay_background&quot;:&quot;yes&quot;,&quot;content_hover_animation&quot;:&quot;fade-in&quot;}\" data-widget_type=\"gallery.default\">\n\t\t\t\t<div class=\"elementor-widget-container\">\n\t\t\t\t\t\t\t<div class=\"elementor-gallery__container\">\n\t\t\t\t\t\t\t<a class=\"e-gallery-item elementor-gallery-item elementor-animated-content\" href=\"https:\/\/capilart.pt\/wp-content\/uploads\/2018\/12\/6-1.jpg\" data-elementor-open-lightbox=\"yes\" data-elementor-lightbox-slideshow=\"0331f4a\" data-elementor-lightbox-title=\"6 (Demo)\" data-e-action-hash=\"#elementor-action%3Aaction%3Dlightbox%26settings%3DeyJpZCI6MTAwLCJ1cmwiOiJodHRwczpcL1wvY2FwaWxhcnQucHRcL3dwLWNvbnRlbnRcL3VwbG9hZHNcLzIwMThcLzEyXC82LTEuanBnIiwic2xpZGVzaG93IjoiMDMzMWY0YSJ9\">\n\t\t\t\t\t<div class=\"e-gallery-image elementor-gallery-item__image\" data-thumbnail=\"https:\/\/capilart.pt\/wp-content\/uploads\/2018\/12\/6-1-300x300.jpg\" data-width=\"300\" data-height=\"300\" aria-label=\"\" role=\"img\" ><\/div>\n\t\t\t\t\t\t\t\t\t\t\t<div class=\"elementor-gallery-item__overlay\"><\/div>\n\t\t\t\t\t\t\t\t\t\t\t\t\t\t<\/a>\n\t\t\t\t\t\t\t<a class=\"e-gallery-item elementor-gallery-item elementor-animated-content\" href=\"https:\/\/capilart.pt\/wp-content\/uploads\/2018\/12\/7-1.jpg\" data-elementor-open-lightbox=\"yes\" data-elementor-lightbox-slideshow=\"0331f4a\" data-elementor-lightbox-title=\"7 (Demo)\" data-e-action-hash=\"#elementor-action%3Aaction%3Dlightbox%26settings%3DeyJpZCI6MTAxLCJ1cmwiOiJodHRwczpcL1wvY2FwaWxhcnQucHRcL3dwLWNvbnRlbnRcL3VwbG9hZHNcLzIwMThcLzEyXC83LTEuanBnIiwic2xpZGVzaG93IjoiMDMzMWY0YSJ9\">\n\t\t\t\t\t<div class=\"e-gallery-image elementor-gallery-item__image\" data-thumbnail=\"https:\/\/capilart.pt\/wp-content\/uploads\/2018\/12\/7-1-300x300.jpg\" data-width=\"300\" data-height=\"300\" aria-label=\"\" role=\"img\" ><\/div>\n\t\t\t\t\t\t\t\t\t\t\t<div class=\"elementor-gallery-item__overlay\"><\/div>\n\t\t\t\t\t\t\t\t\t\t\t\t\t\t<\/a>\n\t\t\t\t\t\t\t<a class=\"e-gallery-item elementor-gallery-item elementor-animated-content\" href=\"https:\/\/capilart.pt\/wp-content\/uploads\/2018\/12\/8-1.jpg\" data-elementor-open-lightbox=\"yes\" data-elementor-lightbox-slideshow=\"0331f4a\" data-elementor-lightbox-title=\"8 (Demo)\" data-e-action-hash=\"#elementor-action%3Aaction%3Dlightbox%26settings%3DeyJpZCI6MTAyLCJ1cmwiOiJodHRwczpcL1wvY2FwaWxhcnQucHRcL3dwLWNvbnRlbnRcL3VwbG9hZHNcLzIwMThcLzEyXC84LTEuanBnIiwic2xpZGVzaG93IjoiMDMzMWY0YSJ9\">\n\t\t\t\t\t<div class=\"e-gallery-image elementor-gallery-item__image\" data-thumbnail=\"https:\/\/capilart.pt\/wp-content\/uploads\/2018\/12\/8-1-300x300.jpg\" data-width=\"300\" data-height=\"300\" aria-label=\"\" role=\"img\" ><\/div>\n\t\t\t\t\t\t\t\t\t\t\t<div class=\"elementor-gallery-item__overlay\"><\/div>\n\t\t\t\t\t\t\t\t\t\t\t\t\t\t<\/a>\n\t\t\t\t\t\t\t<a class=\"e-gallery-item elementor-gallery-item elementor-animated-content\" href=\"https:\/\/capilart.pt\/wp-content\/uploads\/2018\/12\/9-1.jpg\" data-elementor-open-lightbox=\"yes\" data-elementor-lightbox-slideshow=\"0331f4a\" data-elementor-lightbox-title=\"9 (Demo)\" data-e-action-hash=\"#elementor-action%3Aaction%3Dlightbox%26settings%3DeyJpZCI6MTAzLCJ1cmwiOiJodHRwczpcL1wvY2FwaWxhcnQucHRcL3dwLWNvbnRlbnRcL3VwbG9hZHNcLzIwMThcLzEyXC85LTEuanBnIiwic2xpZGVzaG93IjoiMDMzMWY0YSJ9\">\n\t\t\t\t\t<div class=\"e-gallery-image elementor-gallery-item__image\" data-thumbnail=\"https:\/\/capilart.pt\/wp-content\/uploads\/2018\/12\/9-1-300x300.jpg\" data-width=\"300\" data-height=\"300\" aria-label=\"\" role=\"img\" ><\/div>\n\t\t\t\t\t\t\t\t\t\t\t<div class=\"elementor-gallery-item__overlay\"><\/div>\n\t\t\t\t\t\t\t\t\t\t\t\t\t\t<\/a>\n\t\t\t\t\t\t\t<a class=\"e-gallery-item elementor-gallery-item elementor-animated-content\" href=\"https:\/\/capilart.pt\/wp-content\/uploads\/2018\/12\/10-1.jpg\" data-elementor-open-lightbox=\"yes\" data-elementor-lightbox-slideshow=\"0331f4a\" data-elementor-lightbox-title=\"10 (Demo)\" data-e-action-hash=\"#elementor-action%3Aaction%3Dlightbox%26settings%3DeyJpZCI6MTA0LCJ1cmwiOiJodHRwczpcL1wvY2FwaWxhcnQucHRcL3dwLWNvbnRlbnRcL3VwbG9hZHNcLzIwMThcLzEyXC8xMC0xLmpwZyIsInNsaWRlc2hvdyI6IjAzMzFmNGEifQ%3D%3D\">\n\t\t\t\t\t<div class=\"e-gallery-image elementor-gallery-item__image\" data-thumbnail=\"https:\/\/capilart.pt\/wp-content\/uploads\/2018\/12\/10-1-300x300.jpg\" data-width=\"300\" data-height=\"300\" aria-label=\"\" role=\"img\" ><\/div>\n\t\t\t\t\t\t\t\t\t\t\t<div class=\"elementor-gallery-item__overlay\"><\/div>\n\t\t\t\t\t\t\t\t\t\t\t\t\t\t<\/a>\n\t\t\t\t\t\t\t<a class=\"e-gallery-item elementor-gallery-item elementor-animated-content\" href=\"https:\/\/capilart.pt\/wp-content\/uploads\/2018\/12\/11-1.jpg\" data-elementor-open-lightbox=\"yes\" data-elementor-lightbox-slideshow=\"0331f4a\" data-elementor-lightbox-title=\"11 (Demo)\" data-e-action-hash=\"#elementor-action%3Aaction%3Dlightbox%26settings%3DeyJpZCI6MTA1LCJ1cmwiOiJodHRwczpcL1wvY2FwaWxhcnQucHRcL3dwLWNvbnRlbnRcL3VwbG9hZHNcLzIwMThcLzEyXC8xMS0xLmpwZyIsInNsaWRlc2hvdyI6IjAzMzFmNGEifQ%3D%3D\">\n\t\t\t\t\t<div class=\"e-gallery-image elementor-gallery-item__image\" data-thumbnail=\"https:\/\/capilart.pt\/wp-content\/uploads\/2018\/12\/11-1-300x300.jpg\" data-width=\"300\" data-height=\"300\" aria-label=\"\" role=\"img\" ><\/div>\n\t\t\t\t\t\t\t\t\t\t\t<div class=\"elementor-gallery-item__overlay\"><\/div>\n\t\t\t\t\t\t\t\t\t\t\t\t\t\t<\/a>\n\t\t\t\t\t\t\t<a class=\"e-gallery-item elementor-gallery-item elementor-animated-content\" href=\"https:\/\/capilart.pt\/wp-content\/uploads\/2018\/12\/12-1.jpg\" data-elementor-open-lightbox=\"yes\" data-elementor-lightbox-slideshow=\"0331f4a\" data-elementor-lightbox-title=\"12 (Demo)\" data-e-action-hash=\"#elementor-action%3Aaction%3Dlightbox%26settings%3DeyJpZCI6MTA2LCJ1cmwiOiJodHRwczpcL1wvY2FwaWxhcnQucHRcL3dwLWNvbnRlbnRcL3VwbG9hZHNcLzIwMThcLzEyXC8xMi0xLmpwZyIsInNsaWRlc2hvdyI6IjAzMzFmNGEifQ%3D%3D\">\n\t\t\t\t\t<div class=\"e-gallery-image elementor-gallery-item__image\" data-thumbnail=\"https:\/\/capilart.pt\/wp-content\/uploads\/2018\/12\/12-1-300x300.jpg\" data-width=\"300\" data-height=\"300\" aria-label=\"\" role=\"img\" ><\/div>\n\t\t\t\t\t\t\t\t\t\t\t<div class=\"elementor-gallery-item__overlay\"><\/div>\n\t\t\t\t\t\t\t\t\t\t\t\t\t\t<\/a>\n\t\t\t\t\t\t\t<a class=\"e-gallery-item elementor-gallery-item elementor-animated-content\" href=\"https:\/\/capilart.pt\/wp-content\/uploads\/2018\/12\/13-1.jpg\" data-elementor-open-lightbox=\"yes\" data-elementor-lightbox-slideshow=\"0331f4a\" data-elementor-lightbox-title=\"13 (Demo)\" data-e-action-hash=\"#elementor-action%3Aaction%3Dlightbox%26settings%3DeyJpZCI6MTA3LCJ1cmwiOiJodHRwczpcL1wvY2FwaWxhcnQucHRcL3dwLWNvbnRlbnRcL3VwbG9hZHNcLzIwMThcLzEyXC8xMy0xLmpwZyIsInNsaWRlc2hvdyI6IjAzMzFmNGEifQ%3D%3D\">\n\t\t\t\t\t<div class=\"e-gallery-image elementor-gallery-item__image\" data-thumbnail=\"https:\/\/capilart.pt\/wp-content\/uploads\/2018\/12\/13-1-300x300.jpg\" data-width=\"300\" data-height=\"300\" aria-label=\"\" role=\"img\" ><\/div>\n\t\t\t\t\t\t\t\t\t\t\t<div class=\"elementor-gallery-item__overlay\"><\/div>\n\t\t\t\t\t\t\t\t\t\t\t\t\t\t<\/a>\n\t\t\t\t\t\t\t<a class=\"e-gallery-item elementor-gallery-item elementor-animated-content\" href=\"https:\/\/capilart.pt\/wp-content\/uploads\/2018\/12\/14-1.jpg\" data-elementor-open-lightbox=\"yes\" data-elementor-lightbox-slideshow=\"0331f4a\" data-elementor-lightbox-title=\"14 (Demo)\" data-e-action-hash=\"#elementor-action%3Aaction%3Dlightbox%26settings%3DeyJpZCI6MTA4LCJ1cmwiOiJodHRwczpcL1wvY2FwaWxhcnQucHRcL3dwLWNvbnRlbnRcL3VwbG9hZHNcLzIwMThcLzEyXC8xNC0xLmpwZyIsInNsaWRlc2hvdyI6IjAzMzFmNGEifQ%3D%3D\">\n\t\t\t\t\t<div class=\"e-gallery-image elementor-gallery-item__image\" data-thumbnail=\"https:\/\/capilart.pt\/wp-content\/uploads\/2018\/12\/14-1-300x300.jpg\" data-width=\"300\" data-height=\"300\" aria-label=\"\" role=\"img\" ><\/div>\n\t\t\t\t\t\t\t\t\t\t\t<div class=\"elementor-gallery-item__overlay\"><\/div>\n\t\t\t\t\t\t\t\t\t\t\t\t\t\t<\/a>\n\t\t\t\t\t\t\t<a class=\"e-gallery-item elementor-gallery-item elementor-animated-content\" href=\"https:\/\/capilart.pt\/wp-content\/uploads\/2018\/12\/2-4.jpg\" data-elementor-open-lightbox=\"yes\" data-elementor-lightbox-slideshow=\"0331f4a\" data-elementor-lightbox-title=\"2 (Demo)\" data-e-action-hash=\"#elementor-action%3Aaction%3Dlightbox%26settings%3DeyJpZCI6MTkwLCJ1cmwiOiJodHRwczpcL1wvY2FwaWxhcnQucHRcL3dwLWNvbnRlbnRcL3VwbG9hZHNcLzIwMThcLzEyXC8yLTQuanBnIiwic2xpZGVzaG93IjoiMDMzMWY0YSJ9\">\n\t\t\t\t\t<div class=\"e-gallery-image elementor-gallery-item__image\" data-thumbnail=\"https:\/\/capilart.pt\/wp-content\/uploads\/2018\/12\/2-4-300x300.jpg\" data-width=\"300\" data-height=\"300\" aria-label=\"\" role=\"img\" ><\/div>\n\t\t\t\t\t\t\t\t\t\t\t<div class=\"elementor-gallery-item__overlay\"><\/div>\n\t\t\t\t\t\t\t\t\t\t\t\t\t\t<\/a>\n\t\t\t\t\t<\/div>\n\t\t\t\t\t<\/div>\n\t\t\t\t<\/div>\n\t\t\t\t\t<\/div>\n\t\t<\/div>\n\t\t\t\t\t<\/div><\/div>\r\n\t\t<\/section>\r\n\t\t\t\t<\/div>\n\t\t","protected":false},"excerpt":{"rendered":"<p>\u00c0 propos de Capilart Chez Capilart, nous avons le privil\u00e8ge d\u2019avoir une \u00e9quipe de professionnels de la sant\u00e9 qualifi\u00e9s, exp\u00e9riment\u00e9s&#8230;<\/p>\n","protected":false},"author":1,"featured_media":0,"parent":0,"menu_order":0,"comment_status":"closed","ping_status":"closed","template":"page-fullwidth.php","meta":{"inline_featured_image":false,"footnotes":""},"class_list":["post-2743","page","type-page","status-publish"],"yoast_head":"<!-- This site is optimized with the Yoast SEO plugin v24.9 - https:\/\/yoast.com\/wordpress\/plugins\/seo\/ -->\n<title>Personnel clinique - Capilart<\/title>\n<meta name=\"robots\" content=\"index, follow, max-snippet:-1, max-image-preview:large, max-video-preview:-1\" \/>\n<link rel=\"canonical\" href=\"https:\/\/capilart.pt\/corpo-clinico\/\" \/>\n<meta property=\"og:locale\" content=\"fr_FR\" \/>\n<meta property=\"og:type\" content=\"article\" \/>\n<meta property=\"og:title\" content=\"Personnel clinique - Capilart\" \/>\n<meta property=\"og:description\" content=\"\u00c0 propos de Capilart Chez Capilart, nous avons le privil\u00e8ge d\u2019avoir une \u00e9quipe de professionnels de la sant\u00e9 qualifi\u00e9s, exp\u00e9riment\u00e9s...\" \/>\n<meta property=\"og:url\" content=\"https:\/\/capilart.pt\/corpo-clinico\/\" \/>\n<meta property=\"og:site_name\" content=\"Capilart\" \/>\n<meta property=\"article:modified_time\" content=\"2023-09-27T11:10:04+00:00\" \/>\n<meta property=\"og:image\" content=\"http:\/\/capilart.pt\/wp-content\/uploads\/2023\/03\/equipa-1024x413.jpg\" \/>\n<meta name=\"twitter:card\" content=\"summary_large_image\" \/>\n<meta name=\"twitter:label1\" content=\"Dur\u00e9e de lecture estim\u00e9e\" \/>\n\t<meta name=\"twitter:data1\" content=\"2 minutes\" \/>\n<script type=\"application\/ld+json\" class=\"yoast-schema-graph\">{\"@context\":\"https:\/\/schema.org\",\"@graph\":[{\"@type\":\"WebPage\",\"@id\":\"https:\/\/capilart.pt\/corpo-clinico\/\",\"url\":\"https:\/\/capilart.pt\/corpo-clinico\/\",\"name\":\"Personnel clinique - Capilart\",\"isPartOf\":{\"@id\":\"https:\/\/indigo-manatee-815528.hostingersite.com\/#website\"},\"primaryImageOfPage\":{\"@id\":\"https:\/\/capilart.pt\/corpo-clinico\/#primaryimage\"},\"image\":{\"@id\":\"https:\/\/capilart.pt\/corpo-clinico\/#primaryimage\"},\"thumbnailUrl\":\"http:\/\/capilart.pt\/wp-content\/uploads\/2023\/03\/equipa-1024x413.jpg\",\"datePublished\":\"2023-03-21T15:53:10+00:00\",\"dateModified\":\"2023-09-27T11:10:04+00:00\",\"breadcrumb\":{\"@id\":\"https:\/\/capilart.pt\/corpo-clinico\/#breadcrumb\"},\"inLanguage\":\"fr-FR\",\"potentialAction\":[{\"@type\":\"ReadAction\",\"target\":[\"https:\/\/capilart.pt\/corpo-clinico\/\"]}]},{\"@type\":\"ImageObject\",\"inLanguage\":\"fr-FR\",\"@id\":\"https:\/\/capilart.pt\/corpo-clinico\/#primaryimage\",\"url\":\"http:\/\/capilart.pt\/wp-content\/uploads\/2023\/03\/equipa-1024x413.jpg\",\"contentUrl\":\"http:\/\/capilart.pt\/wp-content\/uploads\/2023\/03\/equipa-1024x413.jpg\"},{\"@type\":\"BreadcrumbList\",\"@id\":\"https:\/\/capilart.pt\/corpo-clinico\/#breadcrumb\",\"itemListElement\":[{\"@type\":\"ListItem\",\"position\":1,\"name\":\"In\u00edcio\",\"item\":\"https:\/\/capilart.pt\/fr\/\"},{\"@type\":\"ListItem\",\"position\":2,\"name\":\"Personnel clinique\"}]},{\"@type\":\"WebSite\",\"@id\":\"https:\/\/indigo-manatee-815528.hostingersite.com\/#website\",\"url\":\"https:\/\/indigo-manatee-815528.hostingersite.com\/\",\"name\":\"Capilart\",\"description\":\"Especialistas em transplantes capilares\",\"potentialAction\":[{\"@type\":\"SearchAction\",\"target\":{\"@type\":\"EntryPoint\",\"urlTemplate\":\"https:\/\/indigo-manatee-815528.hostingersite.com\/?s={search_term_string}\"},\"query-input\":{\"@type\":\"PropertyValueSpecification\",\"valueRequired\":true,\"valueName\":\"search_term_string\"}}],\"inLanguage\":\"fr-FR\"}]}<\/script>\n<!-- \/ Yoast SEO plugin. -->","yoast_head_json":{"title":"Personnel clinique - Capilart","robots":{"index":"index","follow":"follow","max-snippet":"max-snippet:-1","max-image-preview":"max-image-preview:large","max-video-preview":"max-video-preview:-1"},"canonical":"https:\/\/capilart.pt\/corpo-clinico\/","og_locale":"fr_FR","og_type":"article","og_title":"Personnel clinique - Capilart","og_description":"\u00c0 propos de Capilart Chez Capilart, nous avons le privil\u00e8ge d\u2019avoir une \u00e9quipe de professionnels de la sant\u00e9 qualifi\u00e9s, exp\u00e9riment\u00e9s...","og_url":"https:\/\/capilart.pt\/corpo-clinico\/","og_site_name":"Capilart","article_modified_time":"2023-09-27T11:10:04+00:00","og_image":[{"url":"http:\/\/capilart.pt\/wp-content\/uploads\/2023\/03\/equipa-1024x413.jpg","type":"","width":"","height":""}],"twitter_card":"summary_large_image","twitter_misc":{"Dur\u00e9e de lecture estim\u00e9e":"2 minutes"},"schema":{"@context":"https:\/\/schema.org","@graph":[{"@type":"WebPage","@id":"https:\/\/capilart.pt\/corpo-clinico\/","url":"https:\/\/capilart.pt\/corpo-clinico\/","name":"Personnel clinique - Capilart","isPartOf":{"@id":"https:\/\/indigo-manatee-815528.hostingersite.com\/#website"},"primaryImageOfPage":{"@id":"https:\/\/capilart.pt\/corpo-clinico\/#primaryimage"},"image":{"@id":"https:\/\/capilart.pt\/corpo-clinico\/#primaryimage"},"thumbnailUrl":"http:\/\/capilart.pt\/wp-content\/uploads\/2023\/03\/equipa-1024x413.jpg","datePublished":"2023-03-21T15:53:10+00:00","dateModified":"2023-09-27T11:10:04+00:00","breadcrumb":{"@id":"https:\/\/capilart.pt\/corpo-clinico\/#breadcrumb"},"inLanguage":"fr-FR","potentialAction":[{"@type":"ReadAction","target":["https:\/\/capilart.pt\/corpo-clinico\/"]}]},{"@type":"ImageObject","inLanguage":"fr-FR","@id":"https:\/\/capilart.pt\/corpo-clinico\/#primaryimage","url":"http:\/\/capilart.pt\/wp-content\/uploads\/2023\/03\/equipa-1024x413.jpg","contentUrl":"http:\/\/capilart.pt\/wp-content\/uploads\/2023\/03\/equipa-1024x413.jpg"},{"@type":"BreadcrumbList","@id":"https:\/\/capilart.pt\/corpo-clinico\/#breadcrumb","itemListElement":[{"@type":"ListItem","position":1,"name":"In\u00edcio","item":"https:\/\/capilart.pt\/fr\/"},{"@type":"ListItem","position":2,"name":"Personnel clinique"}]},{"@type":"WebSite","@id":"https:\/\/indigo-manatee-815528.hostingersite.com\/#website","url":"https:\/\/indigo-manatee-815528.hostingersite.com\/","name":"Capilart","description":"Especialistas em transplantes capilares","potentialAction":[{"@type":"SearchAction","target":{"@type":"EntryPoint","urlTemplate":"https:\/\/indigo-manatee-815528.hostingersite.com\/?s={search_term_string}"},"query-input":{"@type":"PropertyValueSpecification","valueRequired":true,"valueName":"search_term_string"}}],"inLanguage":"fr-FR"}]}},"_links":{"self":[{"href":"https:\/\/capilart.pt\/fr\/wp-json\/wp\/v2\/pages\/2743","targetHints":{"allow":["GET"]}}],"collection":[{"href":"https:\/\/capilart.pt\/fr\/wp-json\/wp\/v2\/pages"}],"about":[{"href":"https:\/\/capilart.pt\/fr\/wp-json\/wp\/v2\/types\/page"}],"author":[{"embeddable":true,"href":"https:\/\/capilart.pt\/fr\/wp-json\/wp\/v2\/users\/1"}],"replies":[{"embeddable":true,"href":"https:\/\/capilart.pt\/fr\/wp-json\/wp\/v2\/comments?post=2743"}],"version-history":[{"count":7,"href":"https:\/\/capilart.pt\/fr\/wp-json\/wp\/v2\/pages\/2743\/revisions"}],"predecessor-version":[{"id":3010,"href":"https:\/\/capilart.pt\/fr\/wp-json\/wp\/v2\/pages\/2743\/revisions\/3010"}],"wp:attachment":[{"href":"https:\/\/capilart.pt\/fr\/wp-json\/wp\/v2\/media?parent=2743"}],"curies":[{"name":"wp","href":"https:\/\/api.w.org\/{rel}","templated":true}]}}