{"id":2744,"date":"2023-03-21T15:53:10","date_gmt":"2023-03-21T15:53:10","guid":{"rendered":"http:\/\/capilart.pt\/corpo-clinico\/"},"modified":"2023-09-27T11:10:20","modified_gmt":"2023-09-27T11:10:20","slug":"corpo-clinico","status":"publish","type":"page","link":"https:\/\/capilart.pt\/es\/corpo-clinico\/","title":{"rendered":"Personal Cl\u00ednico"},"content":{"rendered":"\t\t<div data-elementor-type=\"wp-page\" data-elementor-id=\"2744\" class=\"elementor elementor-2744\" data-elementor-post-type=\"page\">\n\t\t\t\t\t\t<section class=\"has_ma_el_bg_slider elementor-section elementor-top-section elementor-element elementor-element-dc3f6df elementor-section-full_width elementor-section-height-min-height elementor-section-height-default elementor-section-items-middle jltma-glass-effect-no\" data-id=\"dc3f6df\" data-element_type=\"section\" data-settings=\"{&quot;background_background&quot;:&quot;classic&quot;}\">\r\n\t\t\t\t\t\t<div class=\"elementor-container elementor-column-gap-no\"><div class=\"elementor-row\">\r\n\t\t\t\t\t<div class=\"has_ma_el_bg_slider elementor-column elementor-col-100 elementor-top-column elementor-element elementor-element-cd9b610 jltma-glass-effect-no\" data-id=\"cd9b610\" data-element_type=\"column\">\n\t\t\t<div class=\"elementor-widget-wrap elementor-element-populated\">\n\t\t\t\t\t\t<div class=\"elementor-element elementor-element-230aea0 flex-horizontal-align-default flex-horizontal-align-tablet-default flex-horizontal-align-mobile-default flex-vertical-align-default flex-vertical-align-tablet-default flex-vertical-align-mobile-default jltma-glass-effect-no elementor-widget elementor-widget-heading\" data-id=\"230aea0\" data-element_type=\"widget\" data-widget_type=\"heading.default\">\n\t\t\t\t<div class=\"elementor-widget-container\">\n\t\t\t\t\t<p class=\"elementor-heading-title elementor-size-default\"><a href=\"#\">Acerca de Capilart<\/a><\/p>\t\t\t\t<\/div>\n\t\t\t\t<\/div>\n\t\t\t\t<div class=\"elementor-element elementor-element-80a4f16 elementor-widget-divider--view-line flex-horizontal-align-default flex-horizontal-align-tablet-default flex-horizontal-align-mobile-default flex-vertical-align-default flex-vertical-align-tablet-default flex-vertical-align-mobile-default jltma-glass-effect-no elementor-widget elementor-widget-divider\" data-id=\"80a4f16\" data-element_type=\"widget\" data-widget_type=\"divider.default\">\n\t\t\t\t<div class=\"elementor-widget-container\">\n\t\t\t\t\t\t\t<div class=\"elementor-divider\">\n\t\t\t<span class=\"elementor-divider-separator\">\n\t\t\t\t\t\t<\/span>\n\t\t<\/div>\n\t\t\t\t\t\t<\/div>\n\t\t\t\t<\/div>\n\t\t\t\t\t<\/div>\n\t\t<\/div>\n\t\t\t\t\t<\/div><\/div>\r\n\t\t<\/section>\r\n\t\t\t\t<main class=\"has_ma_el_bg_slider elementor-section elementor-top-section elementor-element elementor-element-8b34690 elementor-reverse-tablet elementor-reverse-mobile elementor-section-content-middle elementor-section-boxed elementor-section-height-default elementor-section-height-default jltma-glass-effect-no\" data-id=\"8b34690\" data-element_type=\"section\" data-settings=\"{&quot;background_background&quot;:&quot;classic&quot;}\">\r\n\t\t\t\t\t\t<div class=\"elementor-container elementor-column-gap-thegem\"><div class=\"elementor-row\">\r\n\t\t\t\t\t<div class=\"has_ma_el_bg_slider elementor-column elementor-col-100 elementor-top-column elementor-element elementor-element-70b1e5d jltma-glass-effect-no\" data-id=\"70b1e5d\" data-element_type=\"column\">\n\t\t\t<div class=\"elementor-widget-wrap elementor-element-populated\">\n\t\t\t\t\t\t<div class=\"elementor-element elementor-element-4bddec6 flex-horizontal-align-default flex-horizontal-align-tablet-default flex-horizontal-align-mobile-default flex-vertical-align-default flex-vertical-align-tablet-default flex-vertical-align-mobile-default jltma-glass-effect-no elementor-invisible elementor-widget elementor-widget-text-editor\" data-id=\"4bddec6\" data-element_type=\"widget\" data-settings=\"{&quot;_animation&quot;:&quot;zoomIn&quot;}\" data-widget_type=\"text-editor.default\">\n\t\t\t\t<div class=\"elementor-widget-container\">\n\t\t\t\t\t\t\t\t\t\t\t\t<div class=\"elementor-text-editor elementor-clearfix\">\r\n\t\t\t\t\t\t<p>En Capilart, tenemos el privilegio de contar con un equipo de profesionales de la salud calificados, experimentados y dedicados para proporcionar el m\u00e1s alto nivel de tratamientos capilares. Entendemos que la ca\u00edda del cabello puede ser un problema complejo y profundamente personal y nuestro objetivo es proporcionar soluciones personalizadas adaptadas a las necesidades de cada uno.<\/p><p>Conscientes de los desaf\u00edos actuales, combinamos los \u00faltimos avances cient\u00edficos y tecnol\u00f3gicos con la habilidad art\u00edstica y el sentido est\u00e9tico para crear resultados agradables, que tambi\u00e9n son cl\u00ednicamente s\u00f3lidos.<\/p><p>Utilizamos la \u00faltima tecnolog\u00eda disponible y t\u00e9cnicas probadas para proporcionar resultados de aspecto natural y estamos comprometidos a ayudar a nuestros pacientes a recuperar su confianza y autoestima.<\/p><p>Tenemos experiencia en el tratamiento de todo tipo de alopecias, desde calvicie de patr\u00f3n masculino o femenino o incluso alopecia cicatricial y hacemos nuestro lema encontrar la mejor soluci\u00f3n para cada caso.<\/p><p>En Capilart, sabemos que la p\u00e9rdida de cabello puede ser un viaje dif\u00edcil y estamos aqu\u00ed para brindarle el apoyo y la orientaci\u00f3n que necesita. \u00a1Estamos comprometidos con tu cabello!<\/p>\t\t\t\t\t\t\t<\/div>\r\n\t\t\t\t\t\t\t\t\t\t<\/div>\n\t\t\t\t<\/div>\n\t\t\t\t<div class=\"elementor-element elementor-element-05d0a06 flex-horizontal-align-default flex-horizontal-align-tablet-default flex-horizontal-align-mobile-default flex-vertical-align-default flex-vertical-align-tablet-default flex-vertical-align-mobile-default jltma-glass-effect-no elementor-widget elementor-widget-image\" data-id=\"05d0a06\" data-element_type=\"widget\" data-widget_type=\"image.default\">\n\t\t\t\t<div class=\"elementor-widget-container\">\n\t\t\t\t\t\t\t\t\t\t\t\t\t\t\t<img width=\"1024\" height=\"413\" src=\"https:\/\/capilart.pt\/wp-content\/uploads\/2023\/03\/equipa-1024x413.jpg\" class=\"attachment-large size-large wp-image-1529\" alt=\"\" srcset=\"https:\/\/capilart.pt\/wp-content\/uploads\/2023\/03\/equipa-1024x413.jpg 1024w, https:\/\/capilart.pt\/wp-content\/uploads\/2023\/03\/equipa-300x121.jpg 300w, https:\/\/capilart.pt\/wp-content\/uploads\/2023\/03\/equipa-768x310.jpg 768w, https:\/\/capilart.pt\/wp-content\/uploads\/2023\/03\/equipa-1536x620.jpg 1536w, https:\/\/capilart.pt\/wp-content\/uploads\/2023\/03\/equipa.jpg 1920w\" sizes=\"(max-width: 1024px) 100vw, 1024px\" \/>\t\t\t\t\t\t\t\t\t\t\t\t\t\t\t<\/div>\n\t\t\t\t<\/div>\n\t\t\t\t\t<\/div>\n\t\t<\/div>\n\t\t\t\t\t<\/div><\/div>\r\n\t\t<\/main>\r\n\t\t\t\t<section class=\"has_ma_el_bg_slider elementor-section elementor-top-section elementor-element elementor-element-c65580b elementor-hidden-desktop elementor-hidden-tablet elementor-hidden-mobile elementor-section-boxed elementor-section-height-default elementor-section-height-default jltma-glass-effect-no\" data-id=\"c65580b\" data-element_type=\"section\" data-settings=\"{&quot;background_background&quot;:&quot;classic&quot;}\">\r\n\t\t\t\t\t\t<div class=\"elementor-container elementor-column-gap-thegem\"><div class=\"elementor-row\">\r\n\t\t\t\t\t<div class=\"has_ma_el_bg_slider elementor-column elementor-col-100 elementor-top-column elementor-element elementor-element-b8000f2 jltma-glass-effect-no\" data-id=\"b8000f2\" data-element_type=\"column\">\n\t\t\t<div class=\"elementor-widget-wrap elementor-element-populated\">\n\t\t\t\t\t\t<div class=\"elementor-element elementor-element-f204c97 flex-horizontal-align-default flex-horizontal-align-tablet-default flex-horizontal-align-mobile-default flex-vertical-align-default flex-vertical-align-tablet-default flex-vertical-align-mobile-default jltma-glass-effect-no elementor-invisible elementor-widget elementor-widget-text-editor\" data-id=\"f204c97\" data-element_type=\"widget\" data-settings=\"{&quot;_animation&quot;:&quot;zoomIn&quot;}\" data-widget_type=\"text-editor.default\">\n\t\t\t\t<div class=\"elementor-widget-container\">\n\t\t\t\t\t\t\t\t\t\t\t\t<div class=\"elementor-text-editor elementor-clearfix\">\r\n\t\t\t\t\t\t<p>Instalaciones<\/p>\t\t\t\t\t\t\t<\/div>\r\n\t\t\t\t\t\t\t\t\t\t<\/div>\n\t\t\t\t<\/div>\n\t\t\t\t<div class=\"elementor-element elementor-element-2320c1e elementor-widget__width-initial flex-horizontal-align-default flex-horizontal-align-tablet-default flex-horizontal-align-mobile-default flex-vertical-align-default flex-vertical-align-tablet-default flex-vertical-align-mobile-default jltma-glass-effect-no elementor-invisible elementor-widget elementor-widget-text-editor\" data-id=\"2320c1e\" data-element_type=\"widget\" data-settings=\"{&quot;_animation&quot;:&quot;zoomIn&quot;}\" data-widget_type=\"text-editor.default\">\n\t\t\t\t<div class=\"elementor-widget-container\">\n\t\t\t\t\t\t\t\t\t\t\t\t<div class=\"elementor-text-editor elementor-clearfix\">\r\n\t\t\t\t\t\t<p>Ven a visitarnos y descubre un ambiente c\u00e1lido y profesional, donde podr\u00e1s disfrutar de nuestros excelentes servicios cl\u00ednicos y cuidados especializados para la salud de tu cabello<\/p>\t\t\t\t\t\t\t<\/div>\r\n\t\t\t\t\t\t\t\t\t\t<\/div>\n\t\t\t\t<\/div>\n\t\t\t\t<div class=\"elementor-element elementor-element-0331f4a flex-horizontal-align-default flex-horizontal-align-tablet-default flex-horizontal-align-mobile-default flex-vertical-align-default flex-vertical-align-tablet-default flex-vertical-align-mobile-default jltma-glass-effect-no elementor-widget elementor-widget-gallery\" data-id=\"0331f4a\" data-element_type=\"widget\" data-settings=\"{&quot;columns&quot;:3,&quot;lazyload&quot;:&quot;yes&quot;,&quot;gallery_layout&quot;:&quot;grid&quot;,&quot;columns_tablet&quot;:2,&quot;columns_mobile&quot;:1,&quot;gap&quot;:{&quot;unit&quot;:&quot;px&quot;,&quot;size&quot;:10,&quot;sizes&quot;:[]},&quot;gap_tablet&quot;:{&quot;unit&quot;:&quot;px&quot;,&quot;size&quot;:10,&quot;sizes&quot;:[]},&quot;gap_mobile&quot;:{&quot;unit&quot;:&quot;px&quot;,&quot;size&quot;:10,&quot;sizes&quot;:[]},&quot;link_to&quot;:&quot;file&quot;,&quot;aspect_ratio&quot;:&quot;3:2&quot;,&quot;overlay_background&quot;:&quot;yes&quot;,&quot;content_hover_animation&quot;:&quot;fade-in&quot;}\" data-widget_type=\"gallery.default\">\n\t\t\t\t<div class=\"elementor-widget-container\">\n\t\t\t\t\t\t\t<div class=\"elementor-gallery__container\">\n\t\t\t\t\t\t\t<a class=\"e-gallery-item elementor-gallery-item elementor-animated-content\" href=\"https:\/\/capilart.pt\/wp-content\/uploads\/2018\/12\/6-1.jpg\" data-elementor-open-lightbox=\"yes\" data-elementor-lightbox-slideshow=\"0331f4a\" data-elementor-lightbox-title=\"6 (Demo)\" data-e-action-hash=\"#elementor-action%3Aaction%3Dlightbox%26settings%3DeyJpZCI6MTAwLCJ1cmwiOiJodHRwczpcL1wvY2FwaWxhcnQucHRcL3dwLWNvbnRlbnRcL3VwbG9hZHNcLzIwMThcLzEyXC82LTEuanBnIiwic2xpZGVzaG93IjoiMDMzMWY0YSJ9\">\n\t\t\t\t\t<div class=\"e-gallery-image elementor-gallery-item__image\" data-thumbnail=\"https:\/\/capilart.pt\/wp-content\/uploads\/2018\/12\/6-1-300x300.jpg\" data-width=\"300\" data-height=\"300\" aria-label=\"\" role=\"img\" ><\/div>\n\t\t\t\t\t\t\t\t\t\t\t<div class=\"elementor-gallery-item__overlay\"><\/div>\n\t\t\t\t\t\t\t\t\t\t\t\t\t\t<\/a>\n\t\t\t\t\t\t\t<a class=\"e-gallery-item elementor-gallery-item elementor-animated-content\" href=\"https:\/\/capilart.pt\/wp-content\/uploads\/2018\/12\/7-1.jpg\" data-elementor-open-lightbox=\"yes\" data-elementor-lightbox-slideshow=\"0331f4a\" data-elementor-lightbox-title=\"7 (Demo)\" data-e-action-hash=\"#elementor-action%3Aaction%3Dlightbox%26settings%3DeyJpZCI6MTAxLCJ1cmwiOiJodHRwczpcL1wvY2FwaWxhcnQucHRcL3dwLWNvbnRlbnRcL3VwbG9hZHNcLzIwMThcLzEyXC83LTEuanBnIiwic2xpZGVzaG93IjoiMDMzMWY0YSJ9\">\n\t\t\t\t\t<div class=\"e-gallery-image elementor-gallery-item__image\" data-thumbnail=\"https:\/\/capilart.pt\/wp-content\/uploads\/2018\/12\/7-1-300x300.jpg\" data-width=\"300\" data-height=\"300\" aria-label=\"\" role=\"img\" ><\/div>\n\t\t\t\t\t\t\t\t\t\t\t<div class=\"elementor-gallery-item__overlay\"><\/div>\n\t\t\t\t\t\t\t\t\t\t\t\t\t\t<\/a>\n\t\t\t\t\t\t\t<a class=\"e-gallery-item elementor-gallery-item elementor-animated-content\" href=\"https:\/\/capilart.pt\/wp-content\/uploads\/2018\/12\/8-1.jpg\" data-elementor-open-lightbox=\"yes\" data-elementor-lightbox-slideshow=\"0331f4a\" data-elementor-lightbox-title=\"8 (Demo)\" data-e-action-hash=\"#elementor-action%3Aaction%3Dlightbox%26settings%3DeyJpZCI6MTAyLCJ1cmwiOiJodHRwczpcL1wvY2FwaWxhcnQucHRcL3dwLWNvbnRlbnRcL3VwbG9hZHNcLzIwMThcLzEyXC84LTEuanBnIiwic2xpZGVzaG93IjoiMDMzMWY0YSJ9\">\n\t\t\t\t\t<div class=\"e-gallery-image elementor-gallery-item__image\" data-thumbnail=\"https:\/\/capilart.pt\/wp-content\/uploads\/2018\/12\/8-1-300x300.jpg\" data-width=\"300\" data-height=\"300\" aria-label=\"\" role=\"img\" ><\/div>\n\t\t\t\t\t\t\t\t\t\t\t<div class=\"elementor-gallery-item__overlay\"><\/div>\n\t\t\t\t\t\t\t\t\t\t\t\t\t\t<\/a>\n\t\t\t\t\t\t\t<a class=\"e-gallery-item elementor-gallery-item elementor-animated-content\" href=\"https:\/\/capilart.pt\/wp-content\/uploads\/2018\/12\/9-1.jpg\" data-elementor-open-lightbox=\"yes\" data-elementor-lightbox-slideshow=\"0331f4a\" data-elementor-lightbox-title=\"9 (Demo)\" data-e-action-hash=\"#elementor-action%3Aaction%3Dlightbox%26settings%3DeyJpZCI6MTAzLCJ1cmwiOiJodHRwczpcL1wvY2FwaWxhcnQucHRcL3dwLWNvbnRlbnRcL3VwbG9hZHNcLzIwMThcLzEyXC85LTEuanBnIiwic2xpZGVzaG93IjoiMDMzMWY0YSJ9\">\n\t\t\t\t\t<div class=\"e-gallery-image elementor-gallery-item__image\" data-thumbnail=\"https:\/\/capilart.pt\/wp-content\/uploads\/2018\/12\/9-1-300x300.jpg\" data-width=\"300\" data-height=\"300\" aria-label=\"\" role=\"img\" ><\/div>\n\t\t\t\t\t\t\t\t\t\t\t<div class=\"elementor-gallery-item__overlay\"><\/div>\n\t\t\t\t\t\t\t\t\t\t\t\t\t\t<\/a>\n\t\t\t\t\t\t\t<a class=\"e-gallery-item elementor-gallery-item elementor-animated-content\" href=\"https:\/\/capilart.pt\/wp-content\/uploads\/2018\/12\/10-1.jpg\" data-elementor-open-lightbox=\"yes\" data-elementor-lightbox-slideshow=\"0331f4a\" data-elementor-lightbox-title=\"10 (Demo)\" data-e-action-hash=\"#elementor-action%3Aaction%3Dlightbox%26settings%3DeyJpZCI6MTA0LCJ1cmwiOiJodHRwczpcL1wvY2FwaWxhcnQucHRcL3dwLWNvbnRlbnRcL3VwbG9hZHNcLzIwMThcLzEyXC8xMC0xLmpwZyIsInNsaWRlc2hvdyI6IjAzMzFmNGEifQ%3D%3D\">\n\t\t\t\t\t<div class=\"e-gallery-image elementor-gallery-item__image\" data-thumbnail=\"https:\/\/capilart.pt\/wp-content\/uploads\/2018\/12\/10-1-300x300.jpg\" data-width=\"300\" data-height=\"300\" aria-label=\"\" role=\"img\" ><\/div>\n\t\t\t\t\t\t\t\t\t\t\t<div class=\"elementor-gallery-item__overlay\"><\/div>\n\t\t\t\t\t\t\t\t\t\t\t\t\t\t<\/a>\n\t\t\t\t\t\t\t<a class=\"e-gallery-item elementor-gallery-item elementor-animated-content\" href=\"https:\/\/capilart.pt\/wp-content\/uploads\/2018\/12\/11-1.jpg\" data-elementor-open-lightbox=\"yes\" data-elementor-lightbox-slideshow=\"0331f4a\" data-elementor-lightbox-title=\"11 (Demo)\" data-e-action-hash=\"#elementor-action%3Aaction%3Dlightbox%26settings%3DeyJpZCI6MTA1LCJ1cmwiOiJodHRwczpcL1wvY2FwaWxhcnQucHRcL3dwLWNvbnRlbnRcL3VwbG9hZHNcLzIwMThcLzEyXC8xMS0xLmpwZyIsInNsaWRlc2hvdyI6IjAzMzFmNGEifQ%3D%3D\">\n\t\t\t\t\t<div class=\"e-gallery-image elementor-gallery-item__image\" data-thumbnail=\"https:\/\/capilart.pt\/wp-content\/uploads\/2018\/12\/11-1-300x300.jpg\" data-width=\"300\" data-height=\"300\" aria-label=\"\" role=\"img\" ><\/div>\n\t\t\t\t\t\t\t\t\t\t\t<div class=\"elementor-gallery-item__overlay\"><\/div>\n\t\t\t\t\t\t\t\t\t\t\t\t\t\t<\/a>\n\t\t\t\t\t\t\t<a class=\"e-gallery-item elementor-gallery-item elementor-animated-content\" href=\"https:\/\/capilart.pt\/wp-content\/uploads\/2018\/12\/12-1.jpg\" data-elementor-open-lightbox=\"yes\" data-elementor-lightbox-slideshow=\"0331f4a\" data-elementor-lightbox-title=\"12 (Demo)\" data-e-action-hash=\"#elementor-action%3Aaction%3Dlightbox%26settings%3DeyJpZCI6MTA2LCJ1cmwiOiJodHRwczpcL1wvY2FwaWxhcnQucHRcL3dwLWNvbnRlbnRcL3VwbG9hZHNcLzIwMThcLzEyXC8xMi0xLmpwZyIsInNsaWRlc2hvdyI6IjAzMzFmNGEifQ%3D%3D\">\n\t\t\t\t\t<div class=\"e-gallery-image elementor-gallery-item__image\" data-thumbnail=\"https:\/\/capilart.pt\/wp-content\/uploads\/2018\/12\/12-1-300x300.jpg\" data-width=\"300\" data-height=\"300\" aria-label=\"\" role=\"img\" ><\/div>\n\t\t\t\t\t\t\t\t\t\t\t<div class=\"elementor-gallery-item__overlay\"><\/div>\n\t\t\t\t\t\t\t\t\t\t\t\t\t\t<\/a>\n\t\t\t\t\t\t\t<a class=\"e-gallery-item elementor-gallery-item elementor-animated-content\" href=\"https:\/\/capilart.pt\/wp-content\/uploads\/2018\/12\/13-1.jpg\" data-elementor-open-lightbox=\"yes\" data-elementor-lightbox-slideshow=\"0331f4a\" data-elementor-lightbox-title=\"13 (Demo)\" data-e-action-hash=\"#elementor-action%3Aaction%3Dlightbox%26settings%3DeyJpZCI6MTA3LCJ1cmwiOiJodHRwczpcL1wvY2FwaWxhcnQucHRcL3dwLWNvbnRlbnRcL3VwbG9hZHNcLzIwMThcLzEyXC8xMy0xLmpwZyIsInNsaWRlc2hvdyI6IjAzMzFmNGEifQ%3D%3D\">\n\t\t\t\t\t<div class=\"e-gallery-image elementor-gallery-item__image\" data-thumbnail=\"https:\/\/capilart.pt\/wp-content\/uploads\/2018\/12\/13-1-300x300.jpg\" data-width=\"300\" data-height=\"300\" aria-label=\"\" role=\"img\" ><\/div>\n\t\t\t\t\t\t\t\t\t\t\t<div class=\"elementor-gallery-item__overlay\"><\/div>\n\t\t\t\t\t\t\t\t\t\t\t\t\t\t<\/a>\n\t\t\t\t\t\t\t<a class=\"e-gallery-item elementor-gallery-item elementor-animated-content\" href=\"https:\/\/capilart.pt\/wp-content\/uploads\/2018\/12\/14-1.jpg\" data-elementor-open-lightbox=\"yes\" data-elementor-lightbox-slideshow=\"0331f4a\" data-elementor-lightbox-title=\"14 (Demo)\" data-e-action-hash=\"#elementor-action%3Aaction%3Dlightbox%26settings%3DeyJpZCI6MTA4LCJ1cmwiOiJodHRwczpcL1wvY2FwaWxhcnQucHRcL3dwLWNvbnRlbnRcL3VwbG9hZHNcLzIwMThcLzEyXC8xNC0xLmpwZyIsInNsaWRlc2hvdyI6IjAzMzFmNGEifQ%3D%3D\">\n\t\t\t\t\t<div class=\"e-gallery-image elementor-gallery-item__image\" data-thumbnail=\"https:\/\/capilart.pt\/wp-content\/uploads\/2018\/12\/14-1-300x300.jpg\" data-width=\"300\" data-height=\"300\" aria-label=\"\" role=\"img\" ><\/div>\n\t\t\t\t\t\t\t\t\t\t\t<div class=\"elementor-gallery-item__overlay\"><\/div>\n\t\t\t\t\t\t\t\t\t\t\t\t\t\t<\/a>\n\t\t\t\t\t\t\t<a class=\"e-gallery-item elementor-gallery-item elementor-animated-content\" href=\"https:\/\/capilart.pt\/wp-content\/uploads\/2018\/12\/2-4.jpg\" data-elementor-open-lightbox=\"yes\" data-elementor-lightbox-slideshow=\"0331f4a\" data-elementor-lightbox-title=\"2 (Demo)\" data-e-action-hash=\"#elementor-action%3Aaction%3Dlightbox%26settings%3DeyJpZCI6MTkwLCJ1cmwiOiJodHRwczpcL1wvY2FwaWxhcnQucHRcL3dwLWNvbnRlbnRcL3VwbG9hZHNcLzIwMThcLzEyXC8yLTQuanBnIiwic2xpZGVzaG93IjoiMDMzMWY0YSJ9\">\n\t\t\t\t\t<div class=\"e-gallery-image elementor-gallery-item__image\" data-thumbnail=\"https:\/\/capilart.pt\/wp-content\/uploads\/2018\/12\/2-4-300x300.jpg\" data-width=\"300\" data-height=\"300\" aria-label=\"\" role=\"img\" ><\/div>\n\t\t\t\t\t\t\t\t\t\t\t<div class=\"elementor-gallery-item__overlay\"><\/div>\n\t\t\t\t\t\t\t\t\t\t\t\t\t\t<\/a>\n\t\t\t\t\t<\/div>\n\t\t\t\t\t<\/div>\n\t\t\t\t<\/div>\n\t\t\t\t\t<\/div>\n\t\t<\/div>\n\t\t\t\t\t<\/div><\/div>\r\n\t\t<\/section>\r\n\t\t\t\t<\/div>\n\t\t","protected":false},"excerpt":{"rendered":"<p>Acerca de Capilart En Capilart, tenemos el privilegio de contar con un equipo de profesionales de la salud calificados, experimentados&#8230;<\/p>\n","protected":false},"author":1,"featured_media":0,"parent":0,"menu_order":0,"comment_status":"closed","ping_status":"closed","template":"page-fullwidth.php","meta":{"inline_featured_image":false,"footnotes":""},"class_list":["post-2744","page","type-page","status-publish"],"yoast_head":"<!-- This site is optimized with the Yoast SEO plugin v24.9 - https:\/\/yoast.com\/wordpress\/plugins\/seo\/ -->\n<title>Personal Cl\u00ednico - Capilart<\/title>\n<meta name=\"robots\" content=\"index, follow, max-snippet:-1, max-image-preview:large, max-video-preview:-1\" \/>\n<link rel=\"canonical\" href=\"https:\/\/capilart.pt\/corpo-clinico\/\" \/>\n<meta property=\"og:locale\" content=\"es_ES\" \/>\n<meta property=\"og:type\" content=\"article\" \/>\n<meta property=\"og:title\" content=\"Personal Cl\u00ednico - Capilart\" \/>\n<meta property=\"og:description\" content=\"Acerca de Capilart En Capilart, tenemos el privilegio de contar con un equipo de profesionales de la salud calificados, experimentados...\" \/>\n<meta property=\"og:url\" content=\"https:\/\/capilart.pt\/corpo-clinico\/\" \/>\n<meta property=\"og:site_name\" content=\"Capilart\" \/>\n<meta property=\"article:modified_time\" content=\"2023-09-27T11:10:20+00:00\" \/>\n<meta property=\"og:image\" content=\"http:\/\/capilart.pt\/wp-content\/uploads\/2023\/03\/equipa-1024x413.jpg\" \/>\n<meta name=\"twitter:card\" content=\"summary_large_image\" \/>\n<meta name=\"twitter:label1\" content=\"Tiempo de lectura\" \/>\n\t<meta name=\"twitter:data1\" content=\"2 minutos\" \/>\n<script type=\"application\/ld+json\" class=\"yoast-schema-graph\">{\"@context\":\"https:\/\/schema.org\",\"@graph\":[{\"@type\":\"WebPage\",\"@id\":\"https:\/\/capilart.pt\/corpo-clinico\/\",\"url\":\"https:\/\/capilart.pt\/corpo-clinico\/\",\"name\":\"Personal Cl\u00ednico - Capilart\",\"isPartOf\":{\"@id\":\"https:\/\/indigo-manatee-815528.hostingersite.com\/#website\"},\"primaryImageOfPage\":{\"@id\":\"https:\/\/capilart.pt\/corpo-clinico\/#primaryimage\"},\"image\":{\"@id\":\"https:\/\/capilart.pt\/corpo-clinico\/#primaryimage\"},\"thumbnailUrl\":\"http:\/\/capilart.pt\/wp-content\/uploads\/2023\/03\/equipa-1024x413.jpg\",\"datePublished\":\"2023-03-21T15:53:10+00:00\",\"dateModified\":\"2023-09-27T11:10:20+00:00\",\"breadcrumb\":{\"@id\":\"https:\/\/capilart.pt\/corpo-clinico\/#breadcrumb\"},\"inLanguage\":\"es\",\"potentialAction\":[{\"@type\":\"ReadAction\",\"target\":[\"https:\/\/capilart.pt\/corpo-clinico\/\"]}]},{\"@type\":\"ImageObject\",\"inLanguage\":\"es\",\"@id\":\"https:\/\/capilart.pt\/corpo-clinico\/#primaryimage\",\"url\":\"http:\/\/capilart.pt\/wp-content\/uploads\/2023\/03\/equipa-1024x413.jpg\",\"contentUrl\":\"http:\/\/capilart.pt\/wp-content\/uploads\/2023\/03\/equipa-1024x413.jpg\"},{\"@type\":\"BreadcrumbList\",\"@id\":\"https:\/\/capilart.pt\/corpo-clinico\/#breadcrumb\",\"itemListElement\":[{\"@type\":\"ListItem\",\"position\":1,\"name\":\"In\u00edcio\",\"item\":\"https:\/\/capilart.pt\/\"},{\"@type\":\"ListItem\",\"position\":2,\"name\":\"Personal Cl\u00ednico\"}]},{\"@type\":\"WebSite\",\"@id\":\"https:\/\/indigo-manatee-815528.hostingersite.com\/#website\",\"url\":\"https:\/\/indigo-manatee-815528.hostingersite.com\/\",\"name\":\"Capilart\",\"description\":\"Especialistas em transplantes capilares\",\"potentialAction\":[{\"@type\":\"SearchAction\",\"target\":{\"@type\":\"EntryPoint\",\"urlTemplate\":\"https:\/\/indigo-manatee-815528.hostingersite.com\/?s={search_term_string}\"},\"query-input\":{\"@type\":\"PropertyValueSpecification\",\"valueRequired\":true,\"valueName\":\"search_term_string\"}}],\"inLanguage\":\"es\"}]}<\/script>\n<!-- \/ Yoast SEO plugin. -->","yoast_head_json":{"title":"Personal Cl\u00ednico - Capilart","robots":{"index":"index","follow":"follow","max-snippet":"max-snippet:-1","max-image-preview":"max-image-preview:large","max-video-preview":"max-video-preview:-1"},"canonical":"https:\/\/capilart.pt\/corpo-clinico\/","og_locale":"es_ES","og_type":"article","og_title":"Personal Cl\u00ednico - Capilart","og_description":"Acerca de Capilart En Capilart, tenemos el privilegio de contar con un equipo de profesionales de la salud calificados, experimentados...","og_url":"https:\/\/capilart.pt\/corpo-clinico\/","og_site_name":"Capilart","article_modified_time":"2023-09-27T11:10:20+00:00","og_image":[{"url":"http:\/\/capilart.pt\/wp-content\/uploads\/2023\/03\/equipa-1024x413.jpg","type":"","width":"","height":""}],"twitter_card":"summary_large_image","twitter_misc":{"Tiempo de lectura":"2 minutos"},"schema":{"@context":"https:\/\/schema.org","@graph":[{"@type":"WebPage","@id":"https:\/\/capilart.pt\/corpo-clinico\/","url":"https:\/\/capilart.pt\/corpo-clinico\/","name":"Personal Cl\u00ednico - Capilart","isPartOf":{"@id":"https:\/\/indigo-manatee-815528.hostingersite.com\/#website"},"primaryImageOfPage":{"@id":"https:\/\/capilart.pt\/corpo-clinico\/#primaryimage"},"image":{"@id":"https:\/\/capilart.pt\/corpo-clinico\/#primaryimage"},"thumbnailUrl":"http:\/\/capilart.pt\/wp-content\/uploads\/2023\/03\/equipa-1024x413.jpg","datePublished":"2023-03-21T15:53:10+00:00","dateModified":"2023-09-27T11:10:20+00:00","breadcrumb":{"@id":"https:\/\/capilart.pt\/corpo-clinico\/#breadcrumb"},"inLanguage":"es","potentialAction":[{"@type":"ReadAction","target":["https:\/\/capilart.pt\/corpo-clinico\/"]}]},{"@type":"ImageObject","inLanguage":"es","@id":"https:\/\/capilart.pt\/corpo-clinico\/#primaryimage","url":"http:\/\/capilart.pt\/wp-content\/uploads\/2023\/03\/equipa-1024x413.jpg","contentUrl":"http:\/\/capilart.pt\/wp-content\/uploads\/2023\/03\/equipa-1024x413.jpg"},{"@type":"BreadcrumbList","@id":"https:\/\/capilart.pt\/corpo-clinico\/#breadcrumb","itemListElement":[{"@type":"ListItem","position":1,"name":"In\u00edcio","item":"https:\/\/capilart.pt\/"},{"@type":"ListItem","position":2,"name":"Personal Cl\u00ednico"}]},{"@type":"WebSite","@id":"https:\/\/indigo-manatee-815528.hostingersite.com\/#website","url":"https:\/\/indigo-manatee-815528.hostingersite.com\/","name":"Capilart","description":"Especialistas em transplantes capilares","potentialAction":[{"@type":"SearchAction","target":{"@type":"EntryPoint","urlTemplate":"https:\/\/indigo-manatee-815528.hostingersite.com\/?s={search_term_string}"},"query-input":{"@type":"PropertyValueSpecification","valueRequired":true,"valueName":"search_term_string"}}],"inLanguage":"es"}]}},"_links":{"self":[{"href":"https:\/\/capilart.pt\/es\/wp-json\/wp\/v2\/pages\/2744","targetHints":{"allow":["GET"]}}],"collection":[{"href":"https:\/\/capilart.pt\/es\/wp-json\/wp\/v2\/pages"}],"about":[{"href":"https:\/\/capilart.pt\/es\/wp-json\/wp\/v2\/types\/page"}],"author":[{"embeddable":true,"href":"https:\/\/capilart.pt\/es\/wp-json\/wp\/v2\/users\/1"}],"replies":[{"embeddable":true,"href":"https:\/\/capilart.pt\/es\/wp-json\/wp\/v2\/comments?post=2744"}],"version-history":[{"count":7,"href":"https:\/\/capilart.pt\/es\/wp-json\/wp\/v2\/pages\/2744\/revisions"}],"predecessor-version":[{"id":3016,"href":"https:\/\/capilart.pt\/es\/wp-json\/wp\/v2\/pages\/2744\/revisions\/3016"}],"wp:attachment":[{"href":"https:\/\/capilart.pt\/es\/wp-json\/wp\/v2\/media?parent=2744"}],"curies":[{"name":"wp","href":"https:\/\/api.w.org\/{rel}","templated":true}]}}